{"id":9240,"date":"2025-08-28T11:42:58","date_gmt":"2025-08-28T14:42:58","guid":{"rendered":"https:\/\/jitsupedia.com\/?post_type=product&#038;p=9240"},"modified":"2025-08-28T11:43:38","modified_gmt":"2025-08-28T14:43:38","slug":"anaconda-choke-masterclass","status":"publish","type":"product","link":"https:\/\/jitsupedia.com\/index.php\/producto\/anaconda-choke-masterclass\/","title":{"rendered":"ANACONDA CHOKE MASTERCLASS"},"content":{"rendered":"\t\t<div data-elementor-type=\"product-post\" data-elementor-id=\"9240\" class=\"elementor elementor-9240\" data-elementor-post-type=\"product\">\n\t\t\t\t<div class=\"elementor-element elementor-element-1de7cf5 e-flex e-con-boxed e-con e-parent\" data-id=\"1de7cf5\" data-element_type=\"container\" data-e-type=\"container\">\n\t\t\t\t\t<div class=\"e-con-inner\">\n\t\t\t\t<div class=\"elementor-element elementor-element-2272b0f elementor-widget elementor-widget-text-editor\" data-id=\"2272b0f\" data-element_type=\"widget\" data-e-type=\"widget\" data-widget_type=\"text-editor.default\">\n\t\t\t\t<div class=\"elementor-widget-container\">\n\t\t\t\t\t\t\t\t\t<p>UN ESTUDIO COMPLETO DE SUMISI\u00d3N DEL BICAMPE\u00d3N DE LA ADCC, RAFAEL MENDES, DEDICADO AL ESTRANGULAMIENTO ANACONDA. LA CLASE MAGISTRAL CONTIENE M\u00c1S DE 6 HORAS DE INSTRUCCI\u00d3N T\u00c9CNICA, SECUENCIAS DE SPARRING, AN\u00c1LISIS DE COMBATES Y M\u00c1S.<\/p>\t\t\t\t\t\t\t\t<\/div>\n\t\t\t\t<\/div>\n\t\t\t\t\t<\/div>\n\t\t\t\t<\/div>\n\t\t\t\t<\/div>\n\t\t","protected":false},"excerpt":{"rendered":"<p>UN ESTUDIO COMPLETO DE SUMISI\u00d3N DEL BICAMPE\u00d3N DE LA ADCC, RAFAEL MENDES, DEDICADO AL ESTRANGULAMIENTO ANACONDA. LA CLASE MAGISTRAL CONTIENE [&hellip;]<\/p>\n","protected":false},"featured_media":9241,"template":"","meta":[],"product_brand":[],"product_cat":[78],"product_tag":[],"class_list":{"0":"post-9240","1":"product","2":"type-product","3":"status-publish","4":"has-post-thumbnail","6":"product_cat-rafael-mendes","8":"entry","9":"has-media","11":"first","12":"instock","13":"shipping-taxable","14":"product-type-external","15":"col","16":"span_1_of_3","17":"owp-content-center","18":"owp-thumbs-layout-horizontal","19":"owp-btn-normal","20":"owp-tabs-layout-horizontal","21":"has-no-thumbnails"},"_links":{"self":[{"href":"https:\/\/jitsupedia.com\/index.php\/wp-json\/wp\/v2\/product\/9240","targetHints":{"allow":["GET"]}}],"collection":[{"href":"https:\/\/jitsupedia.com\/index.php\/wp-json\/wp\/v2\/product"}],"about":[{"href":"https:\/\/jitsupedia.com\/index.php\/wp-json\/wp\/v2\/types\/product"}],"version-history":[{"count":4,"href":"https:\/\/jitsupedia.com\/index.php\/wp-json\/wp\/v2\/product\/9240\/revisions"}],"predecessor-version":[{"id":9245,"href":"https:\/\/jitsupedia.com\/index.php\/wp-json\/wp\/v2\/product\/9240\/revisions\/9245"}],"wp:featuredmedia":[{"embeddable":true,"href":"https:\/\/jitsupedia.com\/index.php\/wp-json\/wp\/v2\/media\/9241"}],"wp:attachment":[{"href":"https:\/\/jitsupedia.com\/index.php\/wp-json\/wp\/v2\/media?parent=9240"}],"wp:term":[{"taxonomy":"product_brand","embeddable":true,"href":"https:\/\/jitsupedia.com\/index.php\/wp-json\/wp\/v2\/product_brand?post=9240"},{"taxonomy":"product_cat","embeddable":true,"href":"https:\/\/jitsupedia.com\/index.php\/wp-json\/wp\/v2\/product_cat?post=9240"},{"taxonomy":"product_tag","embeddable":true,"href":"https:\/\/jitsupedia.com\/index.php\/wp-json\/wp\/v2\/product_tag?post=9240"}],"curies":[{"name":"wp","href":"https:\/\/api.w.org\/{rel}","templated":true}]}}