{"id":9228,"date":"2025-08-28T11:05:47","date_gmt":"2025-08-28T14:05:47","guid":{"rendered":"https:\/\/jitsupedia.com\/?post_type=product&#038;p=9228"},"modified":"2025-08-28T11:08:56","modified_gmt":"2025-08-28T14:08:56","slug":"the-reverse-de-la-riva-system-by-mikey-musumeci","status":"publish","type":"product","link":"https:\/\/jitsupedia.com\/index.php\/producto\/the-reverse-de-la-riva-system-by-mikey-musumeci\/","title":{"rendered":"The Reverse De La Riva System By Mikey Musumeci"},"content":{"rendered":"\t\t<div data-elementor-type=\"product-post\" data-elementor-id=\"9228\" class=\"elementor elementor-9228\" data-elementor-post-type=\"product\">\n\t\t\t\t<div class=\"elementor-element elementor-element-46728ae e-flex e-con-boxed e-con e-parent\" data-id=\"46728ae\" data-element_type=\"container\" data-e-type=\"container\">\n\t\t\t\t\t<div class=\"e-con-inner\">\n\t\t\t\t<div class=\"elementor-element elementor-element-3fb319d e-n-tabs-mobile elementor-widget elementor-widget-n-tabs\" data-id=\"3fb319d\" data-element_type=\"widget\" data-e-type=\"widget\" data-settings=\"{&quot;horizontal_scroll&quot;:&quot;disable&quot;}\" data-widget_type=\"nested-tabs.default\">\n\t\t\t\t<div class=\"elementor-widget-container\">\n\t\t\t\t\t\t\t<div class=\"e-n-tabs\" data-widget-number=\"66793885\" aria-label=\"Pesta\u00f1as. Abre elementos con Intro o Espacio, ci\u00e9rralos con Escape y navega con las fechas.\">\n\t\t\t<div class=\"e-n-tabs-heading\" role=\"tablist\">\n\t\t\t\t\t<button id=\"e-n-tab-title-667938851\" data-tab-title-id=\"e-n-tab-title-667938851\" class=\"e-n-tab-title\" aria-selected=\"true\" data-tab-index=\"1\" role=\"tab\" tabindex=\"0\" aria-controls=\"e-n-tab-content-667938851\" style=\"--n-tabs-title-order: 1;\">\n\t\t\t\t\t\t<span class=\"e-n-tab-title-text\">\n\t\t\t\tDVD 1\t\t\t<\/span>\n\t\t<\/button>\n\t\t\t\t<button id=\"e-n-tab-title-667938852\" data-tab-title-id=\"e-n-tab-title-667938852\" class=\"e-n-tab-title\" aria-selected=\"false\" data-tab-index=\"2\" role=\"tab\" tabindex=\"-1\" aria-controls=\"e-n-tab-content-667938852\" style=\"--n-tabs-title-order: 2;\">\n\t\t\t\t\t\t<span class=\"e-n-tab-title-text\">\n\t\t\t\tDVD 2\t\t\t<\/span>\n\t\t<\/button>\n\t\t\t\t<button id=\"e-n-tab-title-667938853\" data-tab-title-id=\"e-n-tab-title-667938853\" class=\"e-n-tab-title\" aria-selected=\"false\" data-tab-index=\"3\" role=\"tab\" tabindex=\"-1\" aria-controls=\"e-n-tab-content-667938853\" style=\"--n-tabs-title-order: 3;\">\n\t\t\t\t\t\t<span class=\"e-n-tab-title-text\">\n\t\t\t\tDVD 3\t\t\t<\/span>\n\t\t<\/button>\n\t\t\t\t<button id=\"e-n-tab-title-667938854\" data-tab-title-id=\"e-n-tab-title-667938854\" class=\"e-n-tab-title\" aria-selected=\"false\" data-tab-index=\"4\" role=\"tab\" tabindex=\"-1\" aria-controls=\"e-n-tab-content-667938854\" style=\"--n-tabs-title-order: 4;\">\n\t\t\t\t\t\t<span class=\"e-n-tab-title-text\">\n\t\t\t\tDVD 4\t\t\t<\/span>\n\t\t<\/button>\n\t\t\t\t\t<\/div>\n\t\t\t<div class=\"e-n-tabs-content\">\n\t\t\t\t<div id=\"e-n-tab-content-667938851\" role=\"tabpanel\" aria-labelledby=\"e-n-tab-title-667938851\" data-tab-index=\"1\" style=\"--n-tabs-title-order: 1;\" class=\"e-active elementor-element elementor-element-6893762 e-con-full e-flex e-con e-child\" data-id=\"6893762\" data-element_type=\"container\" data-e-type=\"container\">\n\t\t\t\t<div class=\"elementor-element elementor-element-1aac098 elementor-widget elementor-widget-text-editor\" data-id=\"1aac098\" data-element_type=\"widget\" data-e-type=\"widget\" data-widget_type=\"text-editor.default\">\n\t\t\t\t<div class=\"elementor-widget-container\">\n\t\t\t\t\t\t\t\t\t<table><tbody><tr><td><span dir=\"auto\">Introducci\u00f3n<\/span><\/td><td><span dir=\"auto\">0:00 &#8211; 1:21<\/span><\/td><\/tr><tr><td><span dir=\"auto\">\u00bfQu\u00e9 es Reverse De La Riva?<\/span><\/td><td><span dir=\"auto\">1:21 &#8211; 2:39<\/span><\/td><\/tr><tr><td><span dir=\"auto\">Las 2 partes de jugar como guardia<\/span><\/td><td><span dir=\"auto\">2:39 &#8211; 3:54<\/span><\/td><\/tr><tr><td><span dir=\"auto\">Control total (marcos y ganchos)<\/span><\/td><td><span dir=\"auto\">3:54 &#8211; 6:41<\/span><\/td><\/tr><tr><td><span dir=\"auto\">Control Total Al Rev\u00e9s De La Riva<\/span><\/td><td><span dir=\"auto\">6:41 &#8211; 12:25<\/span><\/td><\/tr><tr><td><span dir=\"auto\">Las tres cajas de ataques<\/span><\/td><td><span dir=\"auto\">12:25 &#8211; 15:47<\/span><\/td><\/tr><tr><td><span dir=\"auto\">Barrido de tr\u00edpode (postura)<\/span><\/td><td><span dir=\"auto\">15:47 &#8211; 21:16<\/span><\/td><\/tr><tr><td><span dir=\"auto\">Barrido de tr\u00edpode (barrido de tope)<\/span><\/td><td><span dir=\"auto\">21:16 &#8211; 26:20<\/span><\/td><\/tr><tr><td><span dir=\"auto\">Combinando ambos barridos de tr\u00edpode<\/span><\/td><td><span dir=\"auto\">26:20 &#8211; 29:47<\/span><\/td><\/tr><tr><td><span dir=\"auto\">Barrido lateral (postura)<\/span><\/td><td><span dir=\"auto\">29:47 &#8211; 37:27<\/span><\/td><\/tr><tr><td><span dir=\"auto\">Barrido lateral (barrido de trasero)<\/span><\/td><td><span dir=\"auto\">37:27 +<\/span><\/td><\/tr><\/tbody><\/table>\t\t\t\t\t\t\t\t<\/div>\n\t\t\t\t<\/div>\n\t\t\t\t<\/div>\n\t\t<div id=\"e-n-tab-content-667938852\" role=\"tabpanel\" aria-labelledby=\"e-n-tab-title-667938852\" data-tab-index=\"2\" style=\"--n-tabs-title-order: 2;\" class=\" elementor-element elementor-element-869ffe3 e-con-full e-flex e-con e-child\" data-id=\"869ffe3\" data-element_type=\"container\" data-e-type=\"container\">\n\t\t\t\t<div class=\"elementor-element elementor-element-98ed0ed elementor-widget elementor-widget-text-editor\" data-id=\"98ed0ed\" data-element_type=\"widget\" data-e-type=\"widget\" data-widget_type=\"text-editor.default\">\n\t\t\t\t<div class=\"elementor-widget-container\">\n\t\t\t\t\t\t\t\t\t<table><tbody><tr><td><span dir=\"auto\">El mejor momento para atacar a una persona (Introducci\u00f3n)<\/span><\/td><td><span dir=\"auto\">0:00 &#8211; 1:02<\/span><\/td><\/tr><tr><td><span dir=\"auto\">Persona intenta quitar el gancho interior (elevaci\u00f3n)<\/span><\/td><td><span dir=\"auto\">1:02 &#8211; 4:42<\/span><\/td><\/tr><tr><td><span dir=\"auto\">Persona intenta quitar el gancho interior (empujando hacia abajo)<\/span><\/td><td><span dir=\"auto\">4:42 &#8211; 8:02<\/span><\/td><\/tr><tr><td><span dir=\"auto\">Persona intenta quitarse el marco de la cadera (levantamiento)<\/span><\/td><td><span dir=\"auto\">8:02 &#8211; 10:20<\/span><\/td><\/tr><tr><td><span dir=\"auto\">Persona intenta quitarse el marco de la cadera (empujando hacia abajo)<\/span><\/td><td><span dir=\"auto\">10:20 &#8211; 13:01<\/span><\/td><\/tr><tr><td><span dir=\"auto\">C\u00f3mo terminar el barrido<\/span><\/td><td><span dir=\"auto\">13:01 &#8211; 20:26<\/span><\/td><\/tr><tr><td><span dir=\"auto\">Barrido t\u00e9cnico de pie con variaciones<\/span><\/td><td><span dir=\"auto\">20:26 +<\/span><\/td><\/tr><\/tbody><\/table>\t\t\t\t\t\t\t\t<\/div>\n\t\t\t\t<\/div>\n\t\t\t\t<\/div>\n\t\t<div id=\"e-n-tab-content-667938853\" role=\"tabpanel\" aria-labelledby=\"e-n-tab-title-667938853\" data-tab-index=\"3\" style=\"--n-tabs-title-order: 3;\" class=\" elementor-element elementor-element-f632d41 e-con-full e-flex e-con e-child\" data-id=\"f632d41\" data-element_type=\"container\" data-e-type=\"container\">\n\t\t\t\t<div class=\"elementor-element elementor-element-827580e elementor-widget elementor-widget-text-editor\" data-id=\"827580e\" data-element_type=\"widget\" data-e-type=\"widget\" data-widget_type=\"text-editor.default\">\n\t\t\t\t<div class=\"elementor-widget-container\">\n\t\t\t\t\t\t\t\t\t<div class=\"product__course-content w3_bg\"><figure class=\"table\"><table><tbody><tr><td><span dir=\"auto\">Cuadro 2 (Regreso a casa) Introducci\u00f3n<\/span><\/td><td><span dir=\"auto\">0:00 &#8211; 1:10<\/span><\/td><\/tr><tr><td><span dir=\"auto\">Flanqueo interno vs. externo (Las dos maneras de recuperar a alguien)<\/span><\/td><td><span dir=\"auto\">1:10 &#8211; 2:22<\/span><\/td><\/tr><tr><td><span dir=\"auto\">Flanco interior hacia la espalda (El beso del drag\u00f3n)<\/span><\/td><td><span dir=\"auto\">2:22 &#8211; 8:26<\/span><\/td><\/tr><tr><td><span dir=\"auto\">Nuestro objetivo en el flanqueo interior<\/span><\/td><td><span dir=\"auto\">8:26 &#8211; 10:38<\/span><\/td><\/tr><tr><td><span dir=\"auto\">Variaci\u00f3n del beso del drag\u00f3n (sosteniendo el tal\u00f3n)<\/span><\/td><td><span dir=\"auto\">10:38 &#8211; 14:05<\/span><\/td><\/tr><tr><td><span dir=\"auto\">Variaci\u00f3n del beso del drag\u00f3n (gancho inferior)<\/span><\/td><td><span dir=\"auto\">14:05 &#8211; 18:12<\/span><\/td><\/tr><tr><td><span dir=\"auto\">Mi forma favorita de preparar El beso del drag\u00f3n<\/span><\/td><td><span dir=\"auto\">18:12 &#8211; 22:54<\/span><\/td><\/tr><tr><td><span dir=\"auto\">Flanco interior del oponente de pie<\/span><\/td><td><span dir=\"auto\">22:54 &#8211; 26:00<\/span><\/td><\/tr><tr><td><span dir=\"auto\">Flanco interior contra un oponente de pie (gancho inferior)<\/span><\/td><td><span dir=\"auto\">26:00 &#8211; 29:34<\/span><\/td><\/tr><tr><td><span dir=\"auto\">Flanqueo exterior (Introducci\u00f3n)<\/span><\/td><td><span dir=\"auto\">29:34 &#8211; 32:49<\/span><\/td><\/tr><tr><td><span dir=\"auto\">Flanco exterior hacia atr\u00e1s<\/span><\/td><td><span dir=\"auto\">32:49 &#8211; 39:07<\/span><\/td><\/tr><tr><td><span dir=\"auto\">Variaci\u00f3n del flanco exterior con gancho inferior<\/span><\/td><td><span dir=\"auto\">39:07 &#8211; 44:00<\/span><\/td><\/tr><tr><td><span dir=\"auto\">Mec\u00e1nica del beso del drag\u00f3n para terminar la toma trasera<\/span><\/td><td><span dir=\"auto\">44:00 &#8211; 49:50<\/span><\/td><\/tr><tr><td><span dir=\"auto\">Beso de drag\u00f3n a berimbolo<\/span><\/td><td><span dir=\"auto\">49:50 +<\/span><\/td><\/tr><\/tbody><\/table><\/figure><\/div><h3 class=\"product__course-title product__course-title--opened\">\u00a0<\/h3>\t\t\t\t\t\t\t\t<\/div>\n\t\t\t\t<\/div>\n\t\t\t\t<\/div>\n\t\t<div id=\"e-n-tab-content-667938854\" role=\"tabpanel\" aria-labelledby=\"e-n-tab-title-667938854\" data-tab-index=\"4\" style=\"--n-tabs-title-order: 4;\" class=\" elementor-element elementor-element-74da1b1 e-con-full e-flex e-con e-child\" data-id=\"74da1b1\" data-element_type=\"container\" data-e-type=\"container\">\n\t\t\t\t<div class=\"elementor-element elementor-element-ea6c762 elementor-widget elementor-widget-text-editor\" data-id=\"ea6c762\" data-element_type=\"widget\" data-e-type=\"widget\" data-widget_type=\"text-editor.default\">\n\t\t\t\t<div class=\"elementor-widget-container\">\n\t\t\t\t\t\t\t\t\t<table><tbody><tr><td><span dir=\"auto\">Cuadro 3 Ataque (Presentaciones) Introducci\u00f3n<\/span><\/td><td><span dir=\"auto\">0:00 &#8211; 1:35<\/span><\/td><\/tr><tr><td><span dir=\"auto\">Configuraci\u00f3n triangular<\/span><\/td><td><span dir=\"auto\">1:35 &#8211; 4:40<\/span><\/td><\/tr><tr><td><span dir=\"auto\">Configuraci\u00f3n de Omoplata<\/span><\/td><td><span dir=\"auto\">4:40 &#8211; 6:56<\/span><\/td><\/tr><tr><td><span dir=\"auto\">Manga de cuello de control interior<\/span><\/td><td><span dir=\"auto\">6:56 &#8211; 10:25<\/span><\/td><\/tr><tr><td><span dir=\"auto\">Sill\u00edn de brazo<\/span><\/td><td><span dir=\"auto\">10:25 &#8211; 14:38<\/span><\/td><\/tr><tr><td><span dir=\"auto\">Brazo de silla de montar de arriba a abajo<\/span><\/td><td><span dir=\"auto\">14:38 &#8211; 18:32<\/span><\/td><\/tr><tr><td><span dir=\"auto\">Barra de rodilla<\/span><\/td><td><span dir=\"auto\">18:32 &#8211; 23:53<\/span><\/td><\/tr><tr><td><span dir=\"auto\">Encadenamiento a otros guardias<\/span><\/td><td><span dir=\"auto\">23:53 &#8211; 28:09<\/span><\/td><\/tr><tr><td><span dir=\"auto\">Posibilidades de agarre de los mejores jugadores<\/span><\/td><td><span dir=\"auto\">28:09 &#8211; 29:18<\/span><\/td><\/tr><tr><td><span dir=\"auto\">C\u00f3mo lidiar con agarres de paso largos<\/span><\/td><td><span dir=\"auto\">29:18 &#8211; 32:23<\/span><\/td><\/tr><tr><td><span dir=\"auto\">C\u00f3mo lidiar con los agarres del mismo lado en el cuello y los pantalones<\/span><\/td><td><span dir=\"auto\">32:23 +<\/span><\/td><\/tr><\/tbody><\/table>\t\t\t\t\t\t\t\t<\/div>\n\t\t\t\t<\/div>\n\t\t\t\t<\/div>\n\t\t\t\t\t<\/div>\n\t\t<\/div>\n\t\t\t\t\t\t<\/div>\n\t\t\t\t<\/div>\n\t\t\t\t\t<\/div>\n\t\t\t\t<\/div>\n\t\t\t\t<\/div>\n\t\t","protected":false},"excerpt":{"rendered":"<p>DVD 1 DVD 2 DVD 3 DVD 4 Introducci\u00f3n 0:00 &#8211; 1:21 \u00bfQu\u00e9 es Reverse De La Riva? 1:21 &#8211; [&hellip;]<\/p>\n","protected":false},"featured_media":9229,"template":"","meta":[],"product_brand":[],"product_cat":[93],"product_tag":[],"class_list":{"0":"post-9228","1":"product","2":"type-product","3":"status-publish","4":"has-post-thumbnail","6":"product_cat-mike-musumeci","8":"entry","9":"has-media","11":"first","12":"instock","13":"shipping-taxable","14":"product-type-external","15":"col","16":"span_1_of_3","17":"owp-content-center","18":"owp-thumbs-layout-horizontal","19":"owp-btn-normal","20":"owp-tabs-layout-horizontal","21":"has-no-thumbnails"},"_links":{"self":[{"href":"https:\/\/jitsupedia.com\/index.php\/wp-json\/wp\/v2\/product\/9228","targetHints":{"allow":["GET"]}}],"collection":[{"href":"https:\/\/jitsupedia.com\/index.php\/wp-json\/wp\/v2\/product"}],"about":[{"href":"https:\/\/jitsupedia.com\/index.php\/wp-json\/wp\/v2\/types\/product"}],"version-history":[{"count":4,"href":"https:\/\/jitsupedia.com\/index.php\/wp-json\/wp\/v2\/product\/9228\/revisions"}],"predecessor-version":[{"id":9233,"href":"https:\/\/jitsupedia.com\/index.php\/wp-json\/wp\/v2\/product\/9228\/revisions\/9233"}],"wp:featuredmedia":[{"embeddable":true,"href":"https:\/\/jitsupedia.com\/index.php\/wp-json\/wp\/v2\/media\/9229"}],"wp:attachment":[{"href":"https:\/\/jitsupedia.com\/index.php\/wp-json\/wp\/v2\/media?parent=9228"}],"wp:term":[{"taxonomy":"product_brand","embeddable":true,"href":"https:\/\/jitsupedia.com\/index.php\/wp-json\/wp\/v2\/product_brand?post=9228"},{"taxonomy":"product_cat","embeddable":true,"href":"https:\/\/jitsupedia.com\/index.php\/wp-json\/wp\/v2\/product_cat?post=9228"},{"taxonomy":"product_tag","embeddable":true,"href":"https:\/\/jitsupedia.com\/index.php\/wp-json\/wp\/v2\/product_tag?post=9228"}],"curies":[{"name":"wp","href":"https:\/\/api.w.org\/{rel}","templated":true}]}}