{"id":9219,"date":"2025-08-28T11:01:25","date_gmt":"2025-08-28T14:01:25","guid":{"rendered":"https:\/\/jitsupedia.com\/?post_type=product&#038;p=9219"},"modified":"2025-08-28T11:02:15","modified_gmt":"2025-08-28T14:02:15","slug":"passing-the-lasso-spider-guard","status":"publish","type":"product","link":"https:\/\/jitsupedia.com\/index.php\/producto\/passing-the-lasso-spider-guard\/","title":{"rendered":"PASSING THE LASSO &#038; SPIDER GUARD"},"content":{"rendered":"\t\t<div data-elementor-type=\"product-post\" data-elementor-id=\"9219\" class=\"elementor elementor-9219\" data-elementor-post-type=\"product\">\n\t\t\t\t<div class=\"elementor-element elementor-element-d611065 e-flex e-con-boxed e-con e-parent\" data-id=\"d611065\" data-element_type=\"container\" data-e-type=\"container\">\n\t\t\t\t\t<div class=\"e-con-inner\">\n\t\t\t\t<div class=\"elementor-element elementor-element-fc57cb4 elementor-widget elementor-widget-text-editor\" data-id=\"fc57cb4\" data-element_type=\"widget\" data-e-type=\"widget\" data-widget_type=\"text-editor.default\">\n\t\t\t\t<div class=\"elementor-widget-container\">\n\t\t\t\t\t\t\t\t\t<p><span dir=\"auto\">UNA SERIE INTEGRAL DE CLASES MAGISTRALES CENTRADA EN PASAR EL LAZO Y LA GUARDIA DE LA ARA\u00d1A IMPARTIDA POR EL DOS VECES CAMPE\u00d3N MUNDIAL TAINAN DALPRA Y EL CUATRO VECES CAMPE\u00d3N MUNDIAL GUI MENDES.<\/span><\/p><p><span dir=\"auto\">&#8211;<\/span><\/p><p><span dir=\"auto\">LA SERIE EST\u00c1 ORGANIZADA EN LAS SIGUIENTES CINCO SECCIONES:<\/span><\/p><ul><li><p><span dir=\"auto\">CONCEPTOS CLAVE<\/span><\/p><\/li><li><p><span dir=\"auto\">T\u00c9CNICAS<\/span><\/p><\/li><li><p><span dir=\"auto\">CLASES PRIVADAS<\/span><\/p><\/li><li><p><span dir=\"auto\">SECUENCIAS DE SPARRING<\/span><\/p><\/li><li><p><span dir=\"auto\">AN\u00c1LISIS DE LA PELEA<\/span><\/p><\/li><\/ul>\t\t\t\t\t\t\t\t<\/div>\n\t\t\t\t<\/div>\n\t\t\t\t\t<\/div>\n\t\t\t\t<\/div>\n\t\t\t\t<\/div>\n\t\t","protected":false},"excerpt":{"rendered":"<p>UNA SERIE INTEGRAL DE CLASES MAGISTRALES CENTRADA EN PASAR EL LAZO Y LA GUARDIA DE LA ARA\u00d1A IMPARTIDA POR EL [&hellip;]<\/p>\n","protected":false},"featured_media":9220,"template":"","meta":[],"product_brand":[],"product_cat":[81],"product_tag":[],"class_list":{"0":"post-9219","1":"product","2":"type-product","3":"status-publish","4":"has-post-thumbnail","6":"product_cat-gui-mendes","8":"entry","9":"has-media","11":"first","12":"instock","13":"shipping-taxable","14":"product-type-external","15":"col","16":"span_1_of_3","17":"owp-content-center","18":"owp-thumbs-layout-horizontal","19":"owp-btn-normal","20":"owp-tabs-layout-horizontal","21":"has-no-thumbnails"},"_links":{"self":[{"href":"https:\/\/jitsupedia.com\/index.php\/wp-json\/wp\/v2\/product\/9219","targetHints":{"allow":["GET"]}}],"collection":[{"href":"https:\/\/jitsupedia.com\/index.php\/wp-json\/wp\/v2\/product"}],"about":[{"href":"https:\/\/jitsupedia.com\/index.php\/wp-json\/wp\/v2\/types\/product"}],"version-history":[{"count":4,"href":"https:\/\/jitsupedia.com\/index.php\/wp-json\/wp\/v2\/product\/9219\/revisions"}],"predecessor-version":[{"id":9224,"href":"https:\/\/jitsupedia.com\/index.php\/wp-json\/wp\/v2\/product\/9219\/revisions\/9224"}],"wp:featuredmedia":[{"embeddable":true,"href":"https:\/\/jitsupedia.com\/index.php\/wp-json\/wp\/v2\/media\/9220"}],"wp:attachment":[{"href":"https:\/\/jitsupedia.com\/index.php\/wp-json\/wp\/v2\/media?parent=9219"}],"wp:term":[{"taxonomy":"product_brand","embeddable":true,"href":"https:\/\/jitsupedia.com\/index.php\/wp-json\/wp\/v2\/product_brand?post=9219"},{"taxonomy":"product_cat","embeddable":true,"href":"https:\/\/jitsupedia.com\/index.php\/wp-json\/wp\/v2\/product_cat?post=9219"},{"taxonomy":"product_tag","embeddable":true,"href":"https:\/\/jitsupedia.com\/index.php\/wp-json\/wp\/v2\/product_tag?post=9219"}],"curies":[{"name":"wp","href":"https:\/\/api.w.org\/{rel}","templated":true}]}}