{"id":9149,"date":"2025-08-25T19:35:52","date_gmt":"2025-08-25T22:35:52","guid":{"rendered":"https:\/\/jitsupedia.com\/?post_type=product&#038;p=9149"},"modified":"2025-08-25T19:40:14","modified_gmt":"2025-08-25T22:40:14","slug":"new-wave-jiu-jitsu-a-new-philosophy-of-submissions-escapes-by-john-danaher","status":"publish","type":"product","link":"https:\/\/jitsupedia.com\/index.php\/producto\/new-wave-jiu-jitsu-a-new-philosophy-of-submissions-escapes-by-john-danaher\/","title":{"rendered":"New Wave Jiu Jitsu: A New Philosophy Of Submissions Escapes By John Danaher"},"content":{"rendered":"\t\t<div data-elementor-type=\"product-post\" data-elementor-id=\"9149\" class=\"elementor elementor-9149\" data-elementor-post-type=\"product\">\n\t\t\t\t<div class=\"elementor-element elementor-element-db8c1d9 e-flex e-con-boxed e-con e-parent\" data-id=\"db8c1d9\" data-element_type=\"container\" data-e-type=\"container\">\n\t\t\t\t\t<div class=\"e-con-inner\">\n\t\t\t\t<div class=\"elementor-element elementor-element-de5601b e-n-tabs-mobile elementor-widget elementor-widget-n-tabs\" data-id=\"de5601b\" data-element_type=\"widget\" data-e-type=\"widget\" data-settings=\"{&quot;horizontal_scroll&quot;:&quot;disable&quot;}\" data-widget_type=\"nested-tabs.default\">\n\t\t\t\t<div class=\"elementor-widget-container\">\n\t\t\t\t\t\t\t<div class=\"e-n-tabs\" data-widget-number=\"233136155\" aria-label=\"Pesta\u00f1as. Abre elementos con Intro o Espacio, ci\u00e9rralos con Escape y navega con las fechas.\">\n\t\t\t<div class=\"e-n-tabs-heading\" role=\"tablist\">\n\t\t\t\t\t<button id=\"e-n-tab-title-2331361551\" data-tab-title-id=\"e-n-tab-title-2331361551\" class=\"e-n-tab-title\" aria-selected=\"true\" data-tab-index=\"1\" role=\"tab\" tabindex=\"0\" aria-controls=\"e-n-tab-content-2331361551\" style=\"--n-tabs-title-order: 1;\">\n\t\t\t\t\t\t<span class=\"e-n-tab-title-text\">\n\t\t\t\tDVD 1\t\t\t<\/span>\n\t\t<\/button>\n\t\t\t\t<button id=\"e-n-tab-title-2331361552\" data-tab-title-id=\"e-n-tab-title-2331361552\" class=\"e-n-tab-title\" aria-selected=\"false\" data-tab-index=\"2\" role=\"tab\" tabindex=\"-1\" aria-controls=\"e-n-tab-content-2331361552\" style=\"--n-tabs-title-order: 2;\">\n\t\t\t\t\t\t<span class=\"e-n-tab-title-text\">\n\t\t\t\tDVD 2\t\t\t<\/span>\n\t\t<\/button>\n\t\t\t\t<button id=\"e-n-tab-title-2331361553\" data-tab-title-id=\"e-n-tab-title-2331361553\" class=\"e-n-tab-title\" aria-selected=\"false\" data-tab-index=\"3\" role=\"tab\" tabindex=\"-1\" aria-controls=\"e-n-tab-content-2331361553\" style=\"--n-tabs-title-order: 3;\">\n\t\t\t\t\t\t<span class=\"e-n-tab-title-text\">\n\t\t\t\tDVD 3\t\t\t<\/span>\n\t\t<\/button>\n\t\t\t\t<button id=\"e-n-tab-title-2331361554\" data-tab-title-id=\"e-n-tab-title-2331361554\" class=\"e-n-tab-title\" aria-selected=\"false\" data-tab-index=\"4\" role=\"tab\" tabindex=\"-1\" aria-controls=\"e-n-tab-content-2331361554\" style=\"--n-tabs-title-order: 4;\">\n\t\t\t\t\t\t<span class=\"e-n-tab-title-text\">\n\t\t\t\tDVD 4\t\t\t<\/span>\n\t\t<\/button>\n\t\t\t\t<button id=\"e-n-tab-title-2331361555\" data-tab-title-id=\"e-n-tab-title-2331361555\" class=\"e-n-tab-title\" aria-selected=\"false\" data-tab-index=\"5\" role=\"tab\" tabindex=\"-1\" aria-controls=\"e-n-tab-content-2331361555\" style=\"--n-tabs-title-order: 5;\">\n\t\t\t\t\t\t<span class=\"e-n-tab-title-text\">\n\t\t\t\tDVD 5\t\t\t<\/span>\n\t\t<\/button>\n\t\t\t\t<button id=\"e-n-tab-title-2331361556\" data-tab-title-id=\"e-n-tab-title-2331361556\" class=\"e-n-tab-title\" aria-selected=\"false\" data-tab-index=\"6\" role=\"tab\" tabindex=\"-1\" aria-controls=\"e-n-tab-content-2331361556\" style=\"--n-tabs-title-order: 6;\">\n\t\t\t\t\t\t<span class=\"e-n-tab-title-text\">\n\t\t\t\tDVD 6\t\t\t<\/span>\n\t\t<\/button>\n\t\t\t\t<button id=\"e-n-tab-title-2331361557\" data-tab-title-id=\"e-n-tab-title-2331361557\" class=\"e-n-tab-title\" aria-selected=\"false\" data-tab-index=\"7\" role=\"tab\" tabindex=\"-1\" aria-controls=\"e-n-tab-content-2331361557\" style=\"--n-tabs-title-order: 7;\">\n\t\t\t\t\t\t<span class=\"e-n-tab-title-text\">\n\t\t\t\tDVD 7\t\t\t<\/span>\n\t\t<\/button>\n\t\t\t\t<button id=\"e-n-tab-title-2331361558\" data-tab-title-id=\"e-n-tab-title-2331361558\" class=\"e-n-tab-title\" aria-selected=\"false\" data-tab-index=\"8\" role=\"tab\" tabindex=\"-1\" aria-controls=\"e-n-tab-content-2331361558\" style=\"--n-tabs-title-order: 8;\">\n\t\t\t\t\t\t<span class=\"e-n-tab-title-text\">\n\t\t\t\tDVD 8\t\t\t<\/span>\n\t\t<\/button>\n\t\t\t\t\t<\/div>\n\t\t\t<div class=\"e-n-tabs-content\">\n\t\t\t\t<div id=\"e-n-tab-content-2331361551\" role=\"tabpanel\" aria-labelledby=\"e-n-tab-title-2331361551\" data-tab-index=\"1\" style=\"--n-tabs-title-order: 1;\" class=\"e-active elementor-element elementor-element-605e3ac e-con-full e-flex e-con e-child\" data-id=\"605e3ac\" data-element_type=\"container\" data-e-type=\"container\">\n\t\t\t\t<div class=\"elementor-element elementor-element-2b104a9 elementor-widget elementor-widget-text-editor\" data-id=\"2b104a9\" data-element_type=\"widget\" data-e-type=\"widget\" data-widget_type=\"text-editor.default\">\n\t\t\t\t<div class=\"elementor-widget-container\">\n\t\t\t\t\t\t\t\t\t<table><tbody><tr><td><span dir=\"auto\">Introducci\u00f3n<\/span><\/td><td><span dir=\"auto\">0:00 &#8211; 7:25<\/span><\/td><\/tr><tr><td><span dir=\"auto\">Escapando de la guillotina &#8211; Defensa de guillotina de pie &#8211; M\u00e9todo del poste de cadera<\/span><\/td><td><span dir=\"auto\">7:25 &#8211; 16:24<\/span><\/td><\/tr><tr><td><span dir=\"auto\">Ude Gaeshi<\/span><\/td><td><span dir=\"auto\">16:24 &#8211; 28:49<\/span><\/td><\/tr><tr><td><span dir=\"auto\">Tradici\u00f3n<\/span><\/td><td><span dir=\"auto\">28:49 &#8211; 34:56<\/span><\/td><\/tr><tr><td><span dir=\"auto\">Teor\u00eda de la l\u00ednea central<\/span><\/td><td><span dir=\"auto\">34:56 &#8211; 50:19<\/span><\/td><\/tr><tr><td><span dir=\"auto\">Venciendo el codo alto<\/span><\/td><td><span dir=\"auto\">50:19 &#8211; 55:07<\/span><\/td><\/tr><tr><td><span dir=\"auto\">El escape giratorio<\/span><\/td><td><span dir=\"auto\">55:07 &#8211; 1:03:14<\/span><\/td><\/tr><tr><td><span dir=\"auto\">Defendiendo la guillotina con el brazo hacia adentro &#8211; Control de mu\u00f1eca sentado<\/span><\/td><td><span dir=\"auto\">1:03:14 &#8211; 1:17:32<\/span><\/td><\/tr><tr><td><span dir=\"auto\">Giro del brazo hacia la l\u00ednea central<\/span><\/td><td><span dir=\"auto\">1:17:32 &#8211; 1:21:32<\/span><\/td><\/tr><tr><td><span dir=\"auto\">Primeras reacciones: Tradicional vs. Moderno<\/span><\/td><td><span dir=\"auto\">1:21:32 &#8211; 1:30:58<\/span><\/td><\/tr><tr><td><span dir=\"auto\">Publicaci\u00f3n de rodilla<\/span><\/td><td><span dir=\"auto\">1:30:58 &#8211; 1:37:50<\/span><\/td><\/tr><tr><td><span dir=\"auto\">Lucha de manos y guillotinas<\/span><\/td><td><span dir=\"auto\">1:37:50 +<\/span><\/td><\/tr><\/tbody><\/table>\t\t\t\t\t\t\t\t<\/div>\n\t\t\t\t<\/div>\n\t\t\t\t<\/div>\n\t\t<div id=\"e-n-tab-content-2331361552\" role=\"tabpanel\" aria-labelledby=\"e-n-tab-title-2331361552\" data-tab-index=\"2\" style=\"--n-tabs-title-order: 2;\" class=\" elementor-element elementor-element-116f3b8 e-con-full e-flex e-con e-child\" data-id=\"116f3b8\" data-element_type=\"container\" data-e-type=\"container\">\n\t\t\t\t<div class=\"elementor-element elementor-element-4e02000 elementor-widget elementor-widget-text-editor\" data-id=\"4e02000\" data-element_type=\"widget\" data-e-type=\"widget\" data-widget_type=\"text-editor.default\">\n\t\t\t\t<div class=\"elementor-widget-container\">\n\t\t\t\t\t\t\t\t\t<table><tbody><tr><td><span dir=\"auto\">Defendiendo la guillotina en guardia cerrada &#8211; Cabeza resbaladiza<\/span><\/td><td><span dir=\"auto\">0:00 &#8211; 11:57<\/span><\/td><\/tr><tr><td><span dir=\"auto\">Deslizamiento de cadera<\/span><\/td><td><span dir=\"auto\">11:57 &#8211; 22:49<\/span><\/td><\/tr><tr><td><span dir=\"auto\">Introducci\u00f3n al Von Flue<\/span><\/td><td><span dir=\"auto\">22:49 &#8211; 27:45<\/span><\/td><\/tr><tr><td><span dir=\"auto\">Mec\u00e1nica del Von Flue<\/span><\/td><td><span dir=\"auto\">27:45 &#8211; 34:02<\/span><\/td><\/tr><tr><td><span dir=\"auto\">Primera aplicaci\u00f3n: protecci\u00f3n cerrada<\/span><\/td><td><span dir=\"auto\">34:02 &#8211; 42:24<\/span><\/td><\/tr><tr><td><span dir=\"auto\">Segunda aplicaci\u00f3n: Control lateral<\/span><\/td><td><span dir=\"auto\">42:24 &#8211; 47:53<\/span><\/td><\/tr><tr><td><span dir=\"auto\">Tercera aplicaci\u00f3n: Paso de guardia<\/span><\/td><td><span dir=\"auto\">47:53 &#8211; 55:24<\/span><\/td><\/tr><tr><td><span dir=\"auto\">Un resumen de nuestra filosof\u00eda de defensa de la guillotina<\/span><\/td><td><span dir=\"auto\">55:24 +<\/span><\/td><\/tr><\/tbody><\/table>\t\t\t\t\t\t\t\t<\/div>\n\t\t\t\t<\/div>\n\t\t\t\t<\/div>\n\t\t<div id=\"e-n-tab-content-2331361553\" role=\"tabpanel\" aria-labelledby=\"e-n-tab-title-2331361553\" data-tab-index=\"3\" style=\"--n-tabs-title-order: 3;\" class=\" elementor-element elementor-element-f14d079 e-con-full e-flex e-con e-child\" data-id=\"f14d079\" data-element_type=\"container\" data-e-type=\"container\">\n\t\t\t\t<div class=\"elementor-element elementor-element-c16f400 elementor-widget elementor-widget-text-editor\" data-id=\"c16f400\" data-element_type=\"widget\" data-e-type=\"widget\" data-widget_type=\"text-editor.default\">\n\t\t\t\t<div class=\"elementor-widget-container\">\n\t\t\t\t\t\t\t\t\t<table><tbody><tr><td><span dir=\"auto\">Defensa con barra de brazo (Juji Gatame): Consideraciones importantes<\/span><\/td><td><span dir=\"auto\">0:00 &#8211; 10:18<\/span><\/td><\/tr><tr><td><span dir=\"auto\">Variaciones en la configuraci\u00f3n del brazo<\/span><\/td><td><span dir=\"auto\">10:18 &#8211; 15:27<\/span><\/td><\/tr><tr><td><span dir=\"auto\">Contraataque de Juji Gatame<\/span><\/td><td><span dir=\"auto\">15:27 &#8211; 19:53<\/span><\/td><\/tr><tr><td><span dir=\"auto\">Escape de codo de Juji Gatame<\/span><\/td><td><span dir=\"auto\">19:53 &#8211; 28:23<\/span><\/td><\/tr><tr><td><span dir=\"auto\">El escape giratorio<\/span><\/td><td><span dir=\"auto\">28:23 &#8211; 49:36<\/span><\/td><\/tr><tr><td><span dir=\"auto\">La huida de la Pascua<\/span><\/td><td><span dir=\"auto\">49:36 &#8211; 1:01:21<\/span><\/td><\/tr><tr><td><span dir=\"auto\">El escape de la cara cruzada<\/span><\/td><td><span dir=\"auto\">1:01:21 &#8211; 1:08:12<\/span><\/td><\/tr><tr><td><span dir=\"auto\">El escape desviado<\/span><\/td><td><span dir=\"auto\">1:08:12 &#8211; 1:20:10<\/span><\/td><\/tr><tr><td><span dir=\"auto\">Defendiendo a Juji Gatame del guardia<\/span><\/td><td><span dir=\"auto\">1:20:10 &#8211; 1:30:43<\/span><\/td><\/tr><tr><td><span dir=\"auto\">Defendiendo a Juji Gatame de la montura trasera<\/span><\/td><td><span dir=\"auto\">1:30:43 &#8211; 1:37:51<\/span><\/td><\/tr><tr><td><span dir=\"auto\">Escape de Juji Gatame desde la posici\u00f3n de tortuga<\/span><\/td><td><span dir=\"auto\">1:37:51 +<\/span><\/td><\/tr><\/tbody><\/table>\t\t\t\t\t\t\t\t<\/div>\n\t\t\t\t<\/div>\n\t\t\t\t<\/div>\n\t\t<div id=\"e-n-tab-content-2331361554\" role=\"tabpanel\" aria-labelledby=\"e-n-tab-title-2331361554\" data-tab-index=\"4\" style=\"--n-tabs-title-order: 4;\" class=\" elementor-element elementor-element-87e84a6 e-con-full e-flex e-con e-child\" data-id=\"87e84a6\" data-element_type=\"container\" data-e-type=\"container\">\n\t\t\t\t<div class=\"elementor-element elementor-element-ff625c2 elementor-widget elementor-widget-text-editor\" data-id=\"ff625c2\" data-element_type=\"widget\" data-e-type=\"widget\" data-widget_type=\"text-editor.default\">\n\t\t\t\t<div class=\"elementor-widget-container\">\n\t\t\t\t\t\t\t\t\t<table><tbody><tr><td><span dir=\"auto\">Defensa Triangular &#8211; Consideraciones generales sobre el Tri\u00e1ngulo<\/span><\/td><td><span dir=\"auto\">0:00 &#8211; 15:13<\/span><\/td><\/tr><tr><td><span dir=\"auto\">El escape del poste del pulgar<\/span><\/td><td><span dir=\"auto\">15:13 &#8211; 27:40<\/span><\/td><\/tr><tr><td><span dir=\"auto\">Defensa de tobillo cruzado<\/span><\/td><td><span dir=\"auto\">27:40 +<\/span><\/td><\/tr><\/tbody><\/table>\t\t\t\t\t\t\t\t<\/div>\n\t\t\t\t<\/div>\n\t\t\t\t<\/div>\n\t\t<div id=\"e-n-tab-content-2331361555\" role=\"tabpanel\" aria-labelledby=\"e-n-tab-title-2331361555\" data-tab-index=\"5\" style=\"--n-tabs-title-order: 5;\" class=\" elementor-element elementor-element-2bf89d8 e-con-full e-flex e-con e-child\" data-id=\"2bf89d8\" data-element_type=\"container\" data-e-type=\"container\">\n\t\t\t\t<div class=\"elementor-element elementor-element-4cf399c elementor-widget elementor-widget-text-editor\" data-id=\"4cf399c\" data-element_type=\"widget\" data-e-type=\"widget\" data-widget_type=\"text-editor.default\">\n\t\t\t\t<div class=\"elementor-widget-container\">\n\t\t\t\t\t\t\t\t\t<table><tbody><tr><td><span dir=\"auto\">Defensa Kimura: Entendiendo Kimura para que podamos escapar de Kimura<\/span><\/td><td><span dir=\"auto\">0:00 &#8211; 9:50<\/span><\/td><\/tr><tr><td><span dir=\"auto\">Manteniendo tu mano delante de ti<\/span><\/td><td><span dir=\"auto\">9:50 &#8211; 28:28<\/span><\/td><\/tr><tr><td><span dir=\"auto\">Negar el control de la mu\u00f1eca<\/span><\/td><td><span dir=\"auto\">28:28 &#8211; 35:41<\/span><\/td><\/tr><tr><td><span dir=\"auto\">deslizamiento del codo<\/span><\/td><td><span dir=\"auto\">35:41 &#8211; 45:06<\/span><\/td><\/tr><tr><td><span dir=\"auto\">Liberando tu cabeza<\/span><\/td><td><span dir=\"auto\">45:06 &#8211; 52:02<\/span><\/td><\/tr><tr><td><span dir=\"auto\">El mejor ejercicio de defensa Kimura que puedes usar<\/span><\/td><td><span dir=\"auto\">52:02 &#8211; 1:02:49<\/span><\/td><\/tr><tr><td><span dir=\"auto\">Trampa Kimura<\/span><\/td><td><span dir=\"auto\">1:02:49 &#8211; 1:10:10<\/span><\/td><\/tr><tr><td><span dir=\"auto\">Escapando de T Kimura<\/span><\/td><td><span dir=\"auto\">1:10:10 &#8211; 1:21:57<\/span><\/td><\/tr><tr><td><span dir=\"auto\">Kimuras de pie<\/span><\/td><td><span dir=\"auto\">1:21:57 &#8211; 1:30:47<\/span><\/td><\/tr><tr><td><span dir=\"auto\">Capas de defensa de Kimura &#8211; 1.\u00aa capa de defensa: Mu\u00f1ecas<\/span><\/td><td><span dir=\"auto\">1:30:47 &#8211; 1:34:26<\/span><\/td><\/tr><tr><td><span dir=\"auto\">Segunda capa de defensa: el codo<\/span><\/td><td><span dir=\"auto\">1:34:26 &#8211; 1:36:14<\/span><\/td><\/tr><tr><td><span dir=\"auto\">Tercera capa de defensa: movilidad de la cabeza\/movilidad del cuerpo<\/span><\/td><td><span dir=\"auto\">1:36:14 &#8211; 1:41:42<\/span><\/td><\/tr><tr><td><span dir=\"auto\">Contraataque contra Kimura<\/span><\/td><td><span dir=\"auto\">1:41:42 +<\/span><\/td><\/tr><\/tbody><\/table>\t\t\t\t\t\t\t\t<\/div>\n\t\t\t\t<\/div>\n\t\t\t\t<\/div>\n\t\t<div id=\"e-n-tab-content-2331361556\" role=\"tabpanel\" aria-labelledby=\"e-n-tab-title-2331361556\" data-tab-index=\"6\" style=\"--n-tabs-title-order: 6;\" class=\" elementor-element elementor-element-a7e972e e-con-full e-flex e-con e-child\" data-id=\"a7e972e\" data-element_type=\"container\" data-e-type=\"container\">\n\t\t\t\t<div class=\"elementor-element elementor-element-a06d37c elementor-widget elementor-widget-text-editor\" data-id=\"a06d37c\" data-element_type=\"widget\" data-e-type=\"widget\" data-widget_type=\"text-editor.default\">\n\t\t\t\t<div class=\"elementor-widget-container\">\n\t\t\t\t\t\t\t\t\t<table><tbody><tr><td><span dir=\"auto\">Defensa del gancho de tal\u00f3n: la ley de la exposici\u00f3n mutua<\/span><\/td><td><span dir=\"auto\">0:00 &#8211; 9:53<\/span><\/td><\/tr><tr><td><span dir=\"auto\">La distinci\u00f3n m\u00e1s b\u00e1sica en Ashi Garami: posici\u00f3n interior y posici\u00f3n exterior<\/span><\/td><td><span dir=\"auto\">9:53 &#8211; 14:46<\/span><\/td><\/tr><tr><td><span dir=\"auto\">Enfoques tradicionales para la defensa del gancho de tal\u00f3n en Jiu Jitsu<\/span><\/td><td><span dir=\"auto\">14:46 &#8211; 24:27<\/span><\/td><\/tr><tr><td><span dir=\"auto\">Una nueva filosof\u00eda de defensa del gancho de tal\u00f3n<\/span><\/td><td><span dir=\"auto\">24:27 &#8211; 38:10<\/span><\/td><\/tr><tr><td><span dir=\"auto\">El arte de deslizar los talones<\/span><\/td><td><span dir=\"auto\">38:10 &#8211; 55:43<\/span><\/td><\/tr><tr><td><span dir=\"auto\">El arte de deslizar el tal\u00f3n 2<\/span><\/td><td><span dir=\"auto\">55:43 &#8211; 1:02:45<\/span><\/td><\/tr><tr><td><span dir=\"auto\">Ocultar el tal\u00f3n: la ley de la rodilla y los dedos del pie<\/span><\/td><td><span dir=\"auto\">1:02:45 &#8211; 1:09:56<\/span><\/td><\/tr><tr><td><span dir=\"auto\">El arte de deslizarse sobre las rodillas<\/span><\/td><td><span dir=\"auto\">1:09:56 &#8211; 1:21:28<\/span><\/td><\/tr><tr><td><span dir=\"auto\">Las 4 posiciones defensivas fundamentales para los ganchos de tal\u00f3n interno<\/span><\/td><td><span dir=\"auto\">1:21:28 &#8211; 1:44:54<\/span><\/td><\/tr><tr><td><span dir=\"auto\">Control del tobillo<\/span><\/td><td><span dir=\"auto\">1:44:54 +<\/span><\/td><\/tr><\/tbody><\/table>\t\t\t\t\t\t\t\t<\/div>\n\t\t\t\t<\/div>\n\t\t\t\t<\/div>\n\t\t<div id=\"e-n-tab-content-2331361557\" role=\"tabpanel\" aria-labelledby=\"e-n-tab-title-2331361557\" data-tab-index=\"7\" style=\"--n-tabs-title-order: 7;\" class=\" elementor-element elementor-element-20b4f34 e-con-full e-flex e-con e-child\" data-id=\"20b4f34\" data-element_type=\"container\" data-e-type=\"container\">\n\t\t\t\t<div class=\"elementor-element elementor-element-4dbe387 elementor-widget elementor-widget-text-editor\" data-id=\"4dbe387\" data-element_type=\"widget\" data-e-type=\"widget\" data-widget_type=\"text-editor.default\">\n\t\t\t\t<div class=\"elementor-widget-container\">\n\t\t\t\t\t\t\t\t\t<table><tbody><tr><td><span dir=\"auto\">Defensa Cross Ashi Garami &#8211; Defensa de la posici\u00f3n interior del pie &#8211; Escape de cadera<\/span><\/td><td><span dir=\"auto\">0:00 &#8211; 6:52<\/span><\/td><\/tr><tr><td><span dir=\"auto\">El escape desviado<\/span><\/td><td><span dir=\"auto\">6:52 &#8211; 15:45<\/span><\/td><\/tr><tr><td><span dir=\"auto\">Escape de separaci\u00f3n<\/span><\/td><td><span dir=\"auto\">15:45 &#8211; 21:27<\/span><\/td><\/tr><tr><td><span dir=\"auto\">Contrarrestando una pierna de encaje (doble problema)<\/span><\/td><td><span dir=\"auto\">21:27 &#8211; 36:06<\/span><\/td><\/tr><tr><td><span dir=\"auto\">Defensa de la posici\u00f3n del pie exterior: contraste entre la posici\u00f3n del pie interior y exterior<\/span><\/td><td><span dir=\"auto\">36:06 &#8211; 44:39<\/span><\/td><\/tr><tr><td><span dir=\"auto\">Diferencias entre la defensa 50\/50 y la defensa interna Sankaku<\/span><\/td><td><span dir=\"auto\">44:39 &#8211; 51:50<\/span><\/td><\/tr><tr><td><span dir=\"auto\">Deslizamiento del tal\u00f3n en 50\/50<\/span><\/td><td><span dir=\"auto\">51:50 &#8211; 58:49<\/span><\/td><\/tr><tr><td><span dir=\"auto\">Verdadero 50\/50<\/span><\/td><td><span dir=\"auto\">58:49 &#8211; 1:12:18<\/span><\/td><\/tr><tr><td><span dir=\"auto\">Contrarrestar la rodilla invertida\/hombro interior<\/span><\/td><td><span dir=\"auto\">1:12:18 &#8211; 1:21:12<\/span><\/td><\/tr><tr><td><span dir=\"auto\">Su preferencia\/su preferencia<\/span><\/td><td><span dir=\"auto\">1:21:12 &#8211; 1:27:41<\/span><\/td><\/tr><tr><td><span dir=\"auto\">Peque\u00f1as consideraciones que hacen grandes diferencias<\/span><\/td><td><span dir=\"auto\">1:27:41 &#8211; 1:38:33<\/span><\/td><\/tr><tr><td><span dir=\"auto\">Cu\u00e1ndo girar\/cu\u00e1ndo no girar<\/span><\/td><td><span dir=\"auto\">1:38:33 &#8211; 1:49:46<\/span><\/td><\/tr><tr><td><span dir=\"auto\">Cu\u00e1ndo girar\/Cu\u00e1ndo no girar parte 2<\/span><\/td><td><span dir=\"auto\">1:49:46 +<\/span><\/td><\/tr><\/tbody><\/table>\t\t\t\t\t\t\t\t<\/div>\n\t\t\t\t<\/div>\n\t\t\t\t<\/div>\n\t\t<div id=\"e-n-tab-content-2331361558\" role=\"tabpanel\" aria-labelledby=\"e-n-tab-title-2331361558\" data-tab-index=\"8\" style=\"--n-tabs-title-order: 8;\" class=\" elementor-element elementor-element-775bb64 e-con-full e-flex e-con e-child\" data-id=\"775bb64\" data-element_type=\"container\" data-e-type=\"container\">\n\t\t\t\t<div class=\"elementor-element elementor-element-238b1c4 elementor-widget elementor-widget-text-editor\" data-id=\"238b1c4\" data-element_type=\"widget\" data-e-type=\"widget\" data-widget_type=\"text-editor.default\">\n\t\t\t\t<div class=\"elementor-widget-container\">\n\t\t\t\t\t\t\t\t\t<table><tbody><tr><td><span dir=\"auto\">Las 3 posiciones defensivas fundamentales en el 50\/50<\/span><\/td><td><span dir=\"auto\">0:00<\/span><\/td><\/tr><tr><td><span dir=\"auto\">51<\/span><\/td><td><span dir=\"auto\">0.09930555556<\/span><\/td><\/tr><tr><td><span dir=\"auto\">52<\/span><\/td><td><span dir=\"auto\">0.3263888889<\/span><\/td><\/tr><tr><td><span dir=\"auto\">53<\/span><\/td><td><span dir=\"auto\">0.5493055556<\/span><\/td><\/tr><tr><td><span dir=\"auto\">Aplicaciones en la parte trasera<\/span><\/td><td><span dir=\"auto\">0.9097222222<\/span><\/td><\/tr><tr><td><span dir=\"auto\">Defendiendo la parte trasera parte 2<\/span><\/td><td><span dir=\"auto\">29:00 &#8211; 33:32<\/span><\/td><\/tr><tr><td><span dir=\"auto\">Defensa recta Ashi Garami<\/span><\/td><td><span dir=\"auto\">33:32 &#8211; 38:05<\/span><\/td><\/tr><tr><td><span dir=\"auto\">Tal\u00f3n resbaladizo de Ashi recto<\/span><\/td><td><span dir=\"auto\">38:05 &#8211; 47:06<\/span><\/td><\/tr><tr><td><span dir=\"auto\">Defendiendo a Irimi Ashi Garami Parte 1<\/span><\/td><td><span dir=\"auto\">47:06 &#8211; 53:35<\/span><\/td><\/tr><tr><td><span dir=\"auto\">Defendiendo a Irimi Ashi Garami Parte 2<\/span><\/td><td><span dir=\"auto\">53:35 &#8211; 57:27<\/span><\/td><\/tr><tr><td><span dir=\"auto\">Defendiendo la cosecha en el interior de Ashi Garami<\/span><\/td><td><span dir=\"auto\">57:27 &#8211; 1:05:21<\/span><\/td><\/tr><tr><td><span dir=\"auto\">Defendiendo el exterior de Ashi Garami<\/span><\/td><td><span dir=\"auto\">1:05:21<\/span><\/td><\/tr><tr><td><span dir=\"auto\">Defender fuera de Ashi Garami Parte 2<\/span><\/td><td><span dir=\"auto\">0.05116898148 +<\/span><\/td><\/tr><\/tbody><\/table>\t\t\t\t\t\t\t\t<\/div>\n\t\t\t\t<\/div>\n\t\t\t\t<\/div>\n\t\t\t\t\t<\/div>\n\t\t<\/div>\n\t\t\t\t\t\t<\/div>\n\t\t\t\t<\/div>\n\t\t\t\t\t<\/div>\n\t\t\t\t<\/div>\n\t\t\t\t<\/div>\n\t\t","protected":false},"excerpt":{"rendered":"<p>DVD 1 DVD 2 DVD 3 DVD 4 DVD 5 DVD 6 DVD 7 DVD 8 Introducci\u00f3n 0:00 &#8211; 7:25 [&hellip;]<\/p>\n","protected":false},"featured_media":9150,"template":"","meta":[],"product_brand":[],"product_cat":[48],"product_tag":[],"class_list":{"0":"post-9149","1":"product","2":"type-product","3":"status-publish","4":"has-post-thumbnail","6":"product_cat-john-danaher","8":"entry","9":"has-media","11":"first","12":"instock","13":"shipping-taxable","14":"product-type-external","15":"col","16":"span_1_of_3","17":"owp-content-center","18":"owp-thumbs-layout-horizontal","19":"owp-btn-normal","20":"owp-tabs-layout-horizontal","21":"has-no-thumbnails"},"_links":{"self":[{"href":"https:\/\/jitsupedia.com\/index.php\/wp-json\/wp\/v2\/product\/9149","targetHints":{"allow":["GET"]}}],"collection":[{"href":"https:\/\/jitsupedia.com\/index.php\/wp-json\/wp\/v2\/product"}],"about":[{"href":"https:\/\/jitsupedia.com\/index.php\/wp-json\/wp\/v2\/types\/product"}],"version-history":[{"count":4,"href":"https:\/\/jitsupedia.com\/index.php\/wp-json\/wp\/v2\/product\/9149\/revisions"}],"predecessor-version":[{"id":9154,"href":"https:\/\/jitsupedia.com\/index.php\/wp-json\/wp\/v2\/product\/9149\/revisions\/9154"}],"wp:featuredmedia":[{"embeddable":true,"href":"https:\/\/jitsupedia.com\/index.php\/wp-json\/wp\/v2\/media\/9150"}],"wp:attachment":[{"href":"https:\/\/jitsupedia.com\/index.php\/wp-json\/wp\/v2\/media?parent=9149"}],"wp:term":[{"taxonomy":"product_brand","embeddable":true,"href":"https:\/\/jitsupedia.com\/index.php\/wp-json\/wp\/v2\/product_brand?post=9149"},{"taxonomy":"product_cat","embeddable":true,"href":"https:\/\/jitsupedia.com\/index.php\/wp-json\/wp\/v2\/product_cat?post=9149"},{"taxonomy":"product_tag","embeddable":true,"href":"https:\/\/jitsupedia.com\/index.php\/wp-json\/wp\/v2\/product_tag?post=9149"}],"curies":[{"name":"wp","href":"https:\/\/api.w.org\/{rel}","templated":true}]}}