{"id":9122,"date":"2025-08-25T19:00:30","date_gmt":"2025-08-25T22:00:30","guid":{"rendered":"https:\/\/jitsupedia.com\/?post_type=product&#038;p=9122"},"modified":"2025-08-25T19:11:55","modified_gmt":"2025-08-25T22:11:55","slug":"half-guard-bjj-fundamentals-go-further-faster-by-john-danaher","status":"publish","type":"product","link":"https:\/\/jitsupedia.com\/index.php\/producto\/half-guard-bjj-fundamentals-go-further-faster-by-john-danaher\/","title":{"rendered":"Half Guard: BJJ Fundamentals &#8211; Go Further Faster By John Danaher"},"content":{"rendered":"\t\t<div data-elementor-type=\"product-post\" data-elementor-id=\"9122\" class=\"elementor elementor-9122\" data-elementor-post-type=\"product\">\n\t\t\t\t<div class=\"elementor-element elementor-element-7b29589 e-flex e-con-boxed e-con e-parent\" data-id=\"7b29589\" data-element_type=\"container\" data-e-type=\"container\">\n\t\t\t\t\t<div class=\"e-con-inner\">\n\t\t\t\t<div class=\"elementor-element elementor-element-20f1829 e-n-tabs-mobile elementor-widget elementor-widget-n-tabs\" data-id=\"20f1829\" data-element_type=\"widget\" data-e-type=\"widget\" data-settings=\"{&quot;horizontal_scroll&quot;:&quot;disable&quot;}\" data-widget_type=\"nested-tabs.default\">\n\t\t\t\t<div class=\"elementor-widget-container\">\n\t\t\t\t\t\t\t<div class=\"e-n-tabs\" data-widget-number=\"34543657\" aria-label=\"Pesta\u00f1as. Abre elementos con Intro o Espacio, ci\u00e9rralos con Escape y navega con las fechas.\">\n\t\t\t<div class=\"e-n-tabs-heading\" role=\"tablist\">\n\t\t\t\t\t<button id=\"e-n-tab-title-345436571\" data-tab-title-id=\"e-n-tab-title-345436571\" class=\"e-n-tab-title\" aria-selected=\"true\" data-tab-index=\"1\" role=\"tab\" tabindex=\"0\" aria-controls=\"e-n-tab-content-345436571\" style=\"--n-tabs-title-order: 1;\">\n\t\t\t\t\t\t<span class=\"e-n-tab-title-text\">\n\t\t\t\tDVD 1\t\t\t<\/span>\n\t\t<\/button>\n\t\t\t\t<button id=\"e-n-tab-title-345436572\" data-tab-title-id=\"e-n-tab-title-345436572\" class=\"e-n-tab-title\" aria-selected=\"false\" data-tab-index=\"2\" role=\"tab\" tabindex=\"-1\" aria-controls=\"e-n-tab-content-345436572\" style=\"--n-tabs-title-order: 2;\">\n\t\t\t\t\t\t<span class=\"e-n-tab-title-text\">\n\t\t\t\tDVD 2\t\t\t<\/span>\n\t\t<\/button>\n\t\t\t\t<button id=\"e-n-tab-title-345436573\" data-tab-title-id=\"e-n-tab-title-345436573\" class=\"e-n-tab-title\" aria-selected=\"false\" data-tab-index=\"3\" role=\"tab\" tabindex=\"-1\" aria-controls=\"e-n-tab-content-345436573\" style=\"--n-tabs-title-order: 3;\">\n\t\t\t\t\t\t<span class=\"e-n-tab-title-text\">\n\t\t\t\tDVD 3\t\t\t<\/span>\n\t\t<\/button>\n\t\t\t\t<button id=\"e-n-tab-title-345436574\" data-tab-title-id=\"e-n-tab-title-345436574\" class=\"e-n-tab-title\" aria-selected=\"false\" data-tab-index=\"4\" role=\"tab\" tabindex=\"-1\" aria-controls=\"e-n-tab-content-345436574\" style=\"--n-tabs-title-order: 4;\">\n\t\t\t\t\t\t<span class=\"e-n-tab-title-text\">\n\t\t\t\tDVD 4\t\t\t<\/span>\n\t\t<\/button>\n\t\t\t\t<button id=\"e-n-tab-title-345436575\" data-tab-title-id=\"e-n-tab-title-345436575\" class=\"e-n-tab-title\" aria-selected=\"false\" data-tab-index=\"5\" role=\"tab\" tabindex=\"-1\" aria-controls=\"e-n-tab-content-345436575\" style=\"--n-tabs-title-order: 5;\">\n\t\t\t\t\t\t<span class=\"e-n-tab-title-text\">\n\t\t\t\tDVD 5\t\t\t<\/span>\n\t\t<\/button>\n\t\t\t\t<button id=\"e-n-tab-title-345436576\" data-tab-title-id=\"e-n-tab-title-345436576\" class=\"e-n-tab-title\" aria-selected=\"false\" data-tab-index=\"6\" role=\"tab\" tabindex=\"-1\" aria-controls=\"e-n-tab-content-345436576\" style=\"--n-tabs-title-order: 6;\">\n\t\t\t\t\t\t<span class=\"e-n-tab-title-text\">\n\t\t\t\tDVD 6\t\t\t<\/span>\n\t\t<\/button>\n\t\t\t\t<button id=\"e-n-tab-title-345436577\" data-tab-title-id=\"e-n-tab-title-345436577\" class=\"e-n-tab-title\" aria-selected=\"false\" data-tab-index=\"7\" role=\"tab\" tabindex=\"-1\" aria-controls=\"e-n-tab-content-345436577\" style=\"--n-tabs-title-order: 7;\">\n\t\t\t\t\t\t<span class=\"e-n-tab-title-text\">\n\t\t\t\tDVD 7\t\t\t<\/span>\n\t\t<\/button>\n\t\t\t\t<button id=\"e-n-tab-title-345436578\" data-tab-title-id=\"e-n-tab-title-345436578\" class=\"e-n-tab-title\" aria-selected=\"false\" data-tab-index=\"8\" role=\"tab\" tabindex=\"-1\" aria-controls=\"e-n-tab-content-345436578\" style=\"--n-tabs-title-order: 8;\">\n\t\t\t\t\t\t<span class=\"e-n-tab-title-text\">\n\t\t\t\tDVD 8\t\t\t<\/span>\n\t\t<\/button>\n\t\t\t\t\t<\/div>\n\t\t\t<div class=\"e-n-tabs-content\">\n\t\t\t\t<div id=\"e-n-tab-content-345436571\" role=\"tabpanel\" aria-labelledby=\"e-n-tab-title-345436571\" data-tab-index=\"1\" style=\"--n-tabs-title-order: 1;\" class=\"e-active elementor-element elementor-element-b6c5e7d e-con-full e-flex e-con e-child\" data-id=\"b6c5e7d\" data-element_type=\"container\" data-e-type=\"container\">\n\t\t\t\t<div class=\"elementor-element elementor-element-1e07777 elementor-widget elementor-widget-text-editor\" data-id=\"1e07777\" data-element_type=\"widget\" data-e-type=\"widget\" data-widget_type=\"text-editor.default\">\n\t\t\t\t<div class=\"elementor-widget-container\">\n\t\t\t\t\t\t\t\t\t<table><tbody><tr><td><span dir=\"auto\">descripci\u00f3n general<\/span><\/td><td><span dir=\"auto\">0:00 &#8211; 7:52<\/span><\/td><\/tr><tr><td><span dir=\"auto\">Introducci\u00f3n general a la media guardia inferior<\/span><\/td><td><span dir=\"auto\">7:52 &#8211; 1:03:47<\/span><\/td><\/tr><\/tbody><\/table>\t\t\t\t\t\t\t\t<\/div>\n\t\t\t\t<\/div>\n\t\t\t\t<\/div>\n\t\t<div id=\"e-n-tab-content-345436572\" role=\"tabpanel\" aria-labelledby=\"e-n-tab-title-345436572\" data-tab-index=\"2\" style=\"--n-tabs-title-order: 2;\" class=\" elementor-element elementor-element-39947ee e-con-full e-flex e-con e-child\" data-id=\"39947ee\" data-element_type=\"container\" data-e-type=\"container\">\n\t\t\t\t<div class=\"elementor-element elementor-element-9c68046 elementor-widget elementor-widget-text-editor\" data-id=\"9c68046\" data-element_type=\"widget\" data-e-type=\"widget\" data-widget_type=\"text-editor.default\">\n\t\t\t\t<div class=\"elementor-widget-container\">\n\t\t\t\t\t\t\t\t\t<table><tbody><tr><td><span dir=\"auto\">La paradoja de la media guardia<\/span><\/td><td><span dir=\"auto\">0:00 &#8211; 6:01<\/span><\/td><\/tr><tr><td><span dir=\"auto\">Media protecci\u00f3n inferior: el problema de la alineaci\u00f3n<\/span><\/td><td><span dir=\"auto\">6:01 &#8211; 10:40<\/span><\/td><\/tr><tr><td><span dir=\"auto\">Kuzushi desde la media guardia inferior<\/span><\/td><td><span dir=\"auto\">10:40 &#8211; 21:11<\/span><\/td><\/tr><tr><td><span dir=\"auto\">Serie de escape de medio codo<\/span><\/td><td><span dir=\"auto\">21:11 &#8211; 36:42<\/span><\/td><\/tr><tr><td><span dir=\"auto\">Dominio del agarre en la media guardia<\/span><\/td><td><span dir=\"auto\">36:42 &#8211; 47:14<\/span><\/td><\/tr><\/tbody><\/table>\t\t\t\t\t\t\t\t<\/div>\n\t\t\t\t<\/div>\n\t\t\t\t<\/div>\n\t\t<div id=\"e-n-tab-content-345436573\" role=\"tabpanel\" aria-labelledby=\"e-n-tab-title-345436573\" data-tab-index=\"3\" style=\"--n-tabs-title-order: 3;\" class=\" elementor-element elementor-element-e019f78 e-con-full e-flex e-con e-child\" data-id=\"e019f78\" data-element_type=\"container\" data-e-type=\"container\">\n\t\t\t\t<div class=\"elementor-element elementor-element-763e87f elementor-widget elementor-widget-text-editor\" data-id=\"763e87f\" data-element_type=\"widget\" data-e-type=\"widget\" data-widget_type=\"text-editor.default\">\n\t\t\t\t<div class=\"elementor-widget-container\">\n\t\t\t\t\t\t\t\t\t<table><tbody><tr><td><span dir=\"auto\">Serie de escape de un solo codo<\/span><\/td><td><span dir=\"auto\">0:00 &#8211; 11:43<\/span><\/td><\/tr><tr><td><span dir=\"auto\">Escape de un solo codo (Parte 2): Abdominales de hombro Sumi Gaeshi<\/span><\/td><td><span dir=\"auto\">11:43 &#8211; 18:10<\/span><\/td><\/tr><tr><td><span dir=\"auto\">Escape de un solo codo (Parte 3): Media mariposa con pala<\/span><\/td><td><span dir=\"auto\">18:10 &#8211; 23:14<\/span><\/td><\/tr><tr><td><span dir=\"auto\">Serie Scoop Half Butterfly<\/span><\/td><td><span dir=\"auto\">23:14 &#8211; 30:17<\/span><\/td><\/tr><tr><td><span dir=\"auto\">Serie Scoop Half Butterfly Parte 2 Pata redonda giratoria<\/span><\/td><td><span dir=\"auto\">30:17 &#8211; 38:12<\/span><\/td><\/tr><tr><td><span dir=\"auto\">Serie Scoop Half Butterfly Parte 3 Detalles del agarre Scoop<\/span><\/td><td><span dir=\"auto\">38:12 &#8211; 42;40<\/span><\/td><\/tr><tr><td><span dir=\"auto\">La serie de escape de doble codo<\/span><\/td><td><span dir=\"auto\">42:40 &#8211; 54:13<\/span><\/td><\/tr><tr><td><span dir=\"auto\">Crossface inverso &#8211; Escape con codo inverso<\/span><\/td><td><span dir=\"auto\">54:13 &#8211; 1:01:56<\/span><\/td><\/tr><tr><td><span dir=\"auto\">Escape de codo vs. gancho inverso<\/span><\/td><td><span dir=\"auto\">1:01:56 &#8211; 1:07:39<\/span><\/td><\/tr><tr><td><span dir=\"auto\">Resumen de la media guardia desde agarres inferiores<\/span><\/td><td><span dir=\"auto\">1:07:39 &#8211; 1:13:07<\/span><\/td><\/tr><\/tbody><\/table>\t\t\t\t\t\t\t\t<\/div>\n\t\t\t\t<\/div>\n\t\t\t\t<\/div>\n\t\t<div id=\"e-n-tab-content-345436574\" role=\"tabpanel\" aria-labelledby=\"e-n-tab-title-345436574\" data-tab-index=\"4\" style=\"--n-tabs-title-order: 4;\" class=\" elementor-element elementor-element-29d967d e-con-full e-flex e-con e-child\" data-id=\"29d967d\" data-element_type=\"container\" data-e-type=\"container\">\n\t\t\t\t<div class=\"elementor-element elementor-element-6b591ad elementor-widget elementor-widget-text-editor\" data-id=\"6b591ad\" data-element_type=\"widget\" data-e-type=\"widget\" data-widget_type=\"text-editor.default\">\n\t\t\t\t<div class=\"elementor-widget-container\">\n\t\t\t\t\t\t\t\t\t<table><tbody><tr><td><span dir=\"auto\">C\u00f3mo llegar a Underhooks<\/span><\/td><td><span dir=\"auto\">0:00 &#8211; 7:15<\/span><\/td><\/tr><tr><td><span dir=\"auto\">Ganando desde abajo &#8211; La serie de cintura ajustada<\/span><\/td><td><span dir=\"auto\">7:15 &#8211; 15:07<\/span><\/td><\/tr><tr><td><span dir=\"auto\">Raz\u00f3n fundamental por la que la serie de cintura ajustada es la posici\u00f3n de media guar m\u00e1s efectiva &#8211; El Trilema<\/span><\/td><td><span dir=\"auto\">15:07 &#8211; 21:57<\/span><\/td><\/tr><tr><td><span dir=\"auto\">Barridos de paso<\/span><\/td><td><span dir=\"auto\">21:57 &#8211; 30:32<\/span><\/td><\/tr><tr><td><span dir=\"auto\">Barridos de rodadura 2<\/span><\/td><td><span dir=\"auto\">30:32 &#8211; 33:33<\/span><\/td><\/tr><tr><td><span dir=\"auto\">Barridos de rodadura 3<\/span><\/td><td><span dir=\"auto\">33:33 &#8211; 39:53<\/span><\/td><\/tr><tr><td><span dir=\"auto\">Los movimientos detr\u00e1s de los movimientos<\/span><\/td><td><span dir=\"auto\">39:53 &#8211; 47:26<\/span><\/td><\/tr><tr><td><span dir=\"auto\">El desplazamiento de la parte inferior de la pierna<\/span><\/td><td><span dir=\"auto\">47:26 &#8211; 58:09<\/span><\/td><\/tr><\/tbody><\/table>\t\t\t\t\t\t\t\t<\/div>\n\t\t\t\t<\/div>\n\t\t\t\t<\/div>\n\t\t<div id=\"e-n-tab-content-345436575\" role=\"tabpanel\" aria-labelledby=\"e-n-tab-title-345436575\" data-tab-index=\"5\" style=\"--n-tabs-title-order: 5;\" class=\" elementor-element elementor-element-bd3998f e-con-full e-flex e-con e-child\" data-id=\"bd3998f\" data-element_type=\"container\" data-e-type=\"container\">\n\t\t\t\t<div class=\"elementor-element elementor-element-2c6b0a5 elementor-widget elementor-widget-text-editor\" data-id=\"2c6b0a5\" data-element_type=\"widget\" data-e-type=\"widget\" data-widget_type=\"text-editor.default\">\n\t\t\t\t<div class=\"elementor-widget-container\">\n\t\t\t\t\t\t\t\t\t<table><tbody><tr><td><span dir=\"auto\">La regla de los 90 grados<\/span><\/td><td><span dir=\"auto\">0:00 &#8211; 4:07<\/span><\/td><\/tr><tr><td><span dir=\"auto\">El levantamiento de rodilla<\/span><\/td><td><span dir=\"auto\">4:07 &#8211; 8:48<\/span><\/td><\/tr><tr><td><span dir=\"auto\">El cambio de cadera<\/span><\/td><td><span dir=\"auto\">8:48 &#8211; 13:39<\/span><\/td><\/tr><tr><td><span dir=\"auto\">La ley del codo<\/span><\/td><td><span dir=\"auto\">13:39 &#8211; 20:54<\/span><\/td><\/tr><tr><td><span dir=\"auto\">Direccionalidad de la fuerza para barridos de rodadura<\/span><\/td><td><span dir=\"auto\">20:54 &#8211; 28:04<\/span><\/td><\/tr><tr><td><span dir=\"auto\">La secci\u00f3n m\u00e1s importante de este v\u00eddeo<\/span><\/td><td><span dir=\"auto\">28:04 &#8211; 41:30<\/span><\/td><\/tr><tr><td><span dir=\"auto\">Recuperando a tus oponentes: Ag\u00e1chate<\/span><\/td><td><span dir=\"auto\">41:30 &#8211; 46:25<\/span><\/td><\/tr><tr><td><span dir=\"auto\">Quitarle la espalda a la cintura apretada<\/span><\/td><td><span dir=\"auto\">46:25 &#8211; 54:45<\/span><\/td><\/tr><tr><td><span dir=\"auto\">El brazo fl\u00e1cido<\/span><\/td><td><span dir=\"auto\">54:45 &#8211; 1:00:38<\/span><\/td><\/tr><\/tbody><\/table>\t\t\t\t\t\t\t\t<\/div>\n\t\t\t\t<\/div>\n\t\t\t\t<\/div>\n\t\t<div id=\"e-n-tab-content-345436576\" role=\"tabpanel\" aria-labelledby=\"e-n-tab-title-345436576\" data-tab-index=\"6\" style=\"--n-tabs-title-order: 6;\" class=\" elementor-element elementor-element-ea058ec e-con-full e-flex e-con e-child\" data-id=\"ea058ec\" data-element_type=\"container\" data-e-type=\"container\">\n\t\t\t\t<div class=\"elementor-element elementor-element-1ae112d elementor-widget elementor-widget-text-editor\" data-id=\"1ae112d\" data-element_type=\"widget\" data-e-type=\"widget\" data-widget_type=\"text-editor.default\">\n\t\t\t\t<div class=\"elementor-widget-container\">\n\t\t\t\t\t\t\t\t\t<table><tbody><tr><td><span dir=\"auto\">Situaci\u00f3n de cintura apretada vs. Whizzer<\/span><\/td><td><span dir=\"auto\">0:00 &#8211; 7:44<\/span><\/td><\/tr><tr><td><span dir=\"auto\">Cintura apretada vs. Whizzer: Situaci\u00f3n 2<\/span><\/td><td><span dir=\"auto\">7:44 &#8211; 10:42<\/span><\/td><\/tr><tr><td><span dir=\"auto\">Cintura apretada vs. Situaci\u00f3n Whizzer 3<\/span><\/td><td><span dir=\"auto\">10:42 &#8211; 14:42<\/span><\/td><\/tr><tr><td><span dir=\"auto\">Cintura apretada vs. Whizzer, situaci\u00f3n 4<\/span><\/td><td><span dir=\"auto\">14:42 &#8211; 17:44<\/span><\/td><\/tr><tr><td><span dir=\"auto\">Cintura apretada vs. Whizzer, situaci\u00f3n 5: pasar de media guardia a cintura apretada<\/span><\/td><td><span dir=\"auto\">17:44 &#8211; 24:21<\/span><\/td><\/tr><tr><td><span dir=\"auto\">Lucha de pie desde media guardia<\/span><\/td><td><span dir=\"auto\">24:21 &#8211; 32:38<\/span><\/td><\/tr><tr><td><span dir=\"auto\">Aplicaciones pr\u00e1cticas de la lucha de pies<\/span><\/td><td><span dir=\"auto\">32:38 &#8211; 35:36<\/span><\/td><\/tr><tr><td><span dir=\"auto\">Derribos desde cintura ajustada: El gancho exterior &#8211; Final circular<\/span><\/td><td><span dir=\"auto\">35:36 &#8211; 43:35<\/span><\/td><\/tr><tr><td><span dir=\"auto\">Pata doble con acabado lineal<\/span><\/td><td><span dir=\"auto\">43:35 &#8211; 48:51<\/span><\/td><\/tr><tr><td><span dir=\"auto\">Acabado lineal de doble pierna, parte 2<\/span><\/td><td><span dir=\"auto\">48:51 &#8211; 54:16<\/span><\/td><\/tr><tr><td><span dir=\"auto\">Doble pierna inversa<\/span><\/td><td><span dir=\"auto\">54:16 &#8211; 1:01:22<\/span><\/td><\/tr><tr><td><span dir=\"auto\">Caminando alrededor de un Whizzer hacia un gancho lejano<\/span><\/td><td><span dir=\"auto\">1:01:22 &#8211; 1:07:48<\/span><\/td><\/tr><tr><td><span dir=\"auto\">Resumen de la serie Cintura apretada<\/span><\/td><td><span dir=\"auto\">1:07:48 &#8211; 1:14:40<\/span><\/td><\/tr><\/tbody><\/table>\t\t\t\t\t\t\t\t<\/div>\n\t\t\t\t<\/div>\n\t\t\t\t<\/div>\n\t\t<div id=\"e-n-tab-content-345436577\" role=\"tabpanel\" aria-labelledby=\"e-n-tab-title-345436577\" data-tab-index=\"7\" style=\"--n-tabs-title-order: 7;\" class=\" elementor-element elementor-element-2cb07b3 e-con-full e-flex e-con e-child\" data-id=\"2cb07b3\" data-element_type=\"container\" data-e-type=\"container\">\n\t\t\t\t<div class=\"elementor-element elementor-element-a6c9eb2 elementor-widget elementor-widget-text-editor\" data-id=\"a6c9eb2\" data-element_type=\"widget\" data-e-type=\"widget\" data-widget_type=\"text-editor.default\">\n\t\t\t\t<div class=\"elementor-widget-container\">\n\t\t\t\t\t\t\t\t\t<table><tbody><tr><td><span dir=\"auto\">Solapa de una sola pierna desde media guardia<\/span><\/td><td><span dir=\"auto\">0:00 &#8211; 6:27<\/span><\/td><\/tr><tr><td><span dir=\"auto\">Solapa de una pierna desde media guardia 2<\/span><\/td><td><span dir=\"auto\">6:27 &#8211; 17:20<\/span><\/td><\/tr><tr><td><span dir=\"auto\">Solapa de una pierna desde media guardia 3<\/span><\/td><td><span dir=\"auto\">17:20 &#8211; 21:53<\/span><\/td><\/tr><tr><td><span dir=\"auto\">Consideraciones generales sobre la postura para barridos de media guardia<\/span><\/td><td><span dir=\"auto\">21:53 &#8211; 31:28<\/span><\/td><\/tr><tr><td><span dir=\"auto\">Consideraciones generales sobre la postura para barridos de media guardia 2<\/span><\/td><td><span dir=\"auto\">31:28 &#8211; 40:00<\/span><\/td><\/tr><tr><td><span dir=\"auto\">Resumen de la serie Lapel Single Leg<\/span><\/td><td><span dir=\"auto\">40:00 &#8211; 44:57<\/span><\/td><\/tr><\/tbody><\/table>\t\t\t\t\t\t\t\t<\/div>\n\t\t\t\t<\/div>\n\t\t\t\t<\/div>\n\t\t<div id=\"e-n-tab-content-345436578\" role=\"tabpanel\" aria-labelledby=\"e-n-tab-title-345436578\" data-tab-index=\"8\" style=\"--n-tabs-title-order: 8;\" class=\" elementor-element elementor-element-d4008de e-con-full e-flex e-con e-child\" data-id=\"d4008de\" data-element_type=\"container\" data-e-type=\"container\">\n\t\t\t\t<div class=\"elementor-element elementor-element-1897dcb elementor-widget elementor-widget-text-editor\" data-id=\"1897dcb\" data-element_type=\"widget\" data-e-type=\"widget\" data-widget_type=\"text-editor.default\">\n\t\t\t\t<div class=\"elementor-widget-container\">\n\t\t\t\t\t\t\t\t\t<table><tbody><tr><td><span dir=\"auto\">Serie de palancas de rodilla<\/span><\/td><td><span dir=\"auto\">0:00 &#8211; 12:21<\/span><\/td><\/tr><tr><td><span dir=\"auto\">Serie 2 de palancas de rodilla<\/span><\/td><td><span dir=\"auto\">12:21 &#8211; 18:10<\/span><\/td><\/tr><tr><td><span dir=\"auto\">El barrido de retroceso<\/span><\/td><td><span dir=\"auto\">18:10 &#8211; 38:14<\/span><\/td><\/tr><tr><td><span dir=\"auto\">Problema de las medias guardias inversas<\/span><\/td><td><span dir=\"auto\">38:14 &#8211; 53:56<\/span><\/td><\/tr><tr><td><span dir=\"auto\">Problema de las medias guardias inversas 2<\/span><\/td><td><span dir=\"auto\">53:56 &#8211; 1:04:58<\/span><\/td><\/tr><\/tbody><\/table>\t\t\t\t\t\t\t\t<\/div>\n\t\t\t\t<\/div>\n\t\t\t\t<\/div>\n\t\t\t\t\t<\/div>\n\t\t<\/div>\n\t\t\t\t\t\t<\/div>\n\t\t\t\t<\/div>\n\t\t\t\t\t<\/div>\n\t\t\t\t<\/div>\n\t\t<div class=\"elementor-element elementor-element-9253d33 e-grid e-con-boxed e-con e-parent\" data-id=\"9253d33\" data-element_type=\"container\" data-e-type=\"container\">\n\t\t\t\t\t<div class=\"e-con-inner\">\n\t\t\t\t\t<\/div>\n\t\t\t\t<\/div>\n\t\t\t\t<\/div>\n\t\t","protected":false},"excerpt":{"rendered":"<p>DVD 1 DVD 2 DVD 3 DVD 4 DVD 5 DVD 6 DVD 7 DVD 8 descripci\u00f3n general 0:00 &#8211; [&hellip;]<\/p>\n","protected":false},"featured_media":9123,"template":"","meta":[],"product_brand":[],"product_cat":[48],"product_tag":[],"class_list":{"0":"post-9122","1":"product","2":"type-product","3":"status-publish","4":"has-post-thumbnail","6":"product_cat-john-danaher","8":"entry","9":"has-media","11":"first","12":"instock","13":"shipping-taxable","14":"product-type-external","15":"col","16":"span_1_of_3","17":"owp-content-center","18":"owp-thumbs-layout-horizontal","19":"owp-btn-normal","20":"owp-tabs-layout-horizontal","21":"has-no-thumbnails"},"_links":{"self":[{"href":"https:\/\/jitsupedia.com\/index.php\/wp-json\/wp\/v2\/product\/9122","targetHints":{"allow":["GET"]}}],"collection":[{"href":"https:\/\/jitsupedia.com\/index.php\/wp-json\/wp\/v2\/product"}],"about":[{"href":"https:\/\/jitsupedia.com\/index.php\/wp-json\/wp\/v2\/types\/product"}],"version-history":[{"count":4,"href":"https:\/\/jitsupedia.com\/index.php\/wp-json\/wp\/v2\/product\/9122\/revisions"}],"predecessor-version":[{"id":9127,"href":"https:\/\/jitsupedia.com\/index.php\/wp-json\/wp\/v2\/product\/9122\/revisions\/9127"}],"wp:featuredmedia":[{"embeddable":true,"href":"https:\/\/jitsupedia.com\/index.php\/wp-json\/wp\/v2\/media\/9123"}],"wp:attachment":[{"href":"https:\/\/jitsupedia.com\/index.php\/wp-json\/wp\/v2\/media?parent=9122"}],"wp:term":[{"taxonomy":"product_brand","embeddable":true,"href":"https:\/\/jitsupedia.com\/index.php\/wp-json\/wp\/v2\/product_brand?post=9122"},{"taxonomy":"product_cat","embeddable":true,"href":"https:\/\/jitsupedia.com\/index.php\/wp-json\/wp\/v2\/product_cat?post=9122"},{"taxonomy":"product_tag","embeddable":true,"href":"https:\/\/jitsupedia.com\/index.php\/wp-json\/wp\/v2\/product_tag?post=9122"}],"curies":[{"name":"wp","href":"https:\/\/api.w.org\/{rel}","templated":true}]}}